{"id":108919,"date":"2022-03-04T18:46:38","date_gmt":"2022-03-04T17:46:38","guid":{"rendered":"https:\/\/dpdepietri.it\/recolteuses-plantes-aromatiques-et-medicinales\/recolteuses-romarin\/"},"modified":"2022-09-05T13:12:10","modified_gmt":"2022-09-05T11:12:10","slug":"recolteuses-romarin","status":"publish","type":"page","link":"https:\/\/dpdepietri.it\/fr\/recolteuses-plantes-aromatiques-et-medicinales\/recolteuses-romarin\/","title":{"rendered":"R\u00e9colteuses romarin"},"content":{"rendered":"<div class=\"wpb-content-wrapper\"><p>[vc_row unlock_row_content=&#8221;yes&#8221; row_height_percent=&#8221;0&#8243; override_padding=&#8221;yes&#8221; h_padding=&#8221;0&#8243; top_padding=&#8221;0&#8243; bottom_padding=&#8221;0&#8243; overlay_alpha=&#8221;50&#8243; equal_height=&#8221;yes&#8221; gutter_size=&#8221;0&#8243; column_width_percent=&#8221;100&#8243; shift_y=&#8221;0&#8243; z_index=&#8221;0&#8243; uncode_shortcode_id=&#8221;606078&#8243; row_height_pixel=&#8221;400&#8243;][vc_column column_width_percent=&#8221;100&#8243; gutter_size=&#8221;3&#8243; back_image=&#8221;104992&#8243; overlay_alpha=&#8221;50&#8243; shift_x=&#8221;0&#8243; shift_y=&#8221;0&#8243; shift_y_down=&#8221;0&#8243; z_index=&#8221;0&#8243; medium_width=&#8221;0&#8243; mobile_width=&#8221;0&#8243; css_animation=&#8221;left-t-right&#8221; width=&#8221;1\/2&#8243; mobile_height=&#8221;340&#8243; uncode_shortcode_id=&#8221;135217&#8243;][\/vc_column][vc_column column_width_use_pixel=&#8221;yes&#8221; gutter_size=&#8221;3&#8243; override_padding=&#8221;yes&#8221; column_padding=&#8221;4&#8243; overlay_alpha=&#8221;50&#8243; shift_x=&#8221;0&#8243; shift_y=&#8221;0&#8243; shift_y_down=&#8221;0&#8243; z_index=&#8221;0&#8243; medium_width=&#8221;0&#8243; mobile_width=&#8221;0&#8243; css_animation=&#8221;bottom-t-top&#8221; animation_delay=&#8221;100&#8243; width=&#8221;1\/2&#8243; column_width_pixel=&#8221;528&#8243; uncode_shortcode_id=&#8221;560465&#8243;][vc_custom_heading text_color=&#8221;accent&#8221; heading_semantic=&#8221;h6&#8243; text_size=&#8221;fontsize-160000&#8243; text_transform=&#8221;uppercase&#8221; text_space=&#8221;fontspace-135905&#8243; uncode_shortcode_id=&#8221;877860&#8243; text_color_type=&#8221;uncode-palette&#8221;]Ortoline[\/vc_custom_heading][vc_custom_heading heading_semantic=&#8221;h1&#8243; text_size=&#8221;h1&#8243; uncode_shortcode_id=&#8221;560217&#8243;]Machines sp\u00e9cialis\u00e9es pour la r\u00e9colte du romarin[\/vc_custom_heading][vc_custom_heading text_size=&#8221;h4&#8243; text_height=&#8221;fontheight-357766&#8243; uncode_shortcode_id=&#8221;214522&#8243;]Machines pour la r\u00e9colte du romarin con\u00e7ues et fabriqu\u00e9es pour maintenir la qualit\u00e9 maximum de votre produit.[\/vc_custom_heading][vc_column_text uncode_shortcode_id=&#8221;552595&#8243;]Comme toutes les <a href=\"https:\/\/dpdepietri.it\/fr\/recolteuses-plantes-aromatiques-et-medicinales\/\">r\u00e9colteuses de plantes m\u00e9dicinales et aromatiques<\/a>, les r\u00e9colteuses de romarin De Pietri sont des solutions <strong>innovantes<\/strong> et <strong>\u00e0 la pointe de la technologie<\/strong> qui vous aideront \u00e0 optimiser votre r\u00e9colte en <strong>\u00e9vitant tout gaspillage.<\/strong>[\/vc_column_text][vc_empty_space empty_h=&#8221;2&#8243;][vc_button button_color=&#8221;accent&#8221; border_width=&#8221;0&#8243; icon_position=&#8221;right&#8221; display=&#8221;inline&#8221; scale_mobile=&#8221;no&#8221; link=&#8221;url:%23gamma-prodotti|&#8221; button_color_type=&#8221;uncode-palette&#8221; uncode_shortcode_id=&#8221;175081&#8243; icon=&#8221;fa fa-arrow-right2&#8243;]Voir la gamme[\/vc_button][vc_button button_color=&#8221;accent&#8221; border_width=&#8221;0&#8243; icon_position=&#8221;right&#8221; display=&#8221;inline&#8221; scale_mobile=&#8221;no&#8221; link=&#8221;url:%23chiedi-informazioni|&#8221; button_color_type=&#8221;uncode-palette&#8221; uncode_shortcode_id=&#8221;629037&#8243; icon=&#8221;fa fa-arrow-right2&#8243;]Demande de conseil[\/vc_button][vc_empty_space empty_h=&#8221;1&#8243;][\/vc_column][\/vc_row][vc_row unlock_row_content=&#8221;yes&#8221; row_height_percent=&#8221;0&#8243; override_padding=&#8221;yes&#8221; h_padding=&#8221;0&#8243; top_padding=&#8221;0&#8243; bottom_padding=&#8221;0&#8243; back_color=&#8221;color-prif&#8221; overlay_alpha=&#8221;50&#8243; gutter_size=&#8221;3&#8243; column_width_percent=&#8221;100&#8243; shift_y=&#8221;0&#8243; z_index=&#8221;0&#8243; uncode_shortcode_id=&#8221;663445&#8243; back_color_type=&#8221;uncode-palette&#8221;][vc_column width=&#8221;1\/1&#8243;][vc_gallery el_id=&#8221;gallery-362220&#8243; type=&#8221;carousel&#8221; random=&#8221;yes&#8221; medias=&#8221;104380,104341,104485,104470,104498,104342&#8243; carousel_lg=&#8221;6&#8243; carousel_md=&#8221;4&#8243; carousel_sm=&#8221;2&#8243; thumb_size=&#8221;one-one&#8221; gutter_size=&#8221;0&#8243; media_items=&#8221;media|lightbox|original&#8221; carousel_interval=&#8221;3000&#8243; carousel_navspeed=&#8221;400&#8243; carousel_loop=&#8221;yes&#8221; stage_padding=&#8221;0&#8243; single_overlay_opacity=&#8221;50&#8243; single_padding=&#8221;2&#8243; single_border=&#8221;yes&#8221; single_css_animation=&#8221;zoom-in&#8221; single_animation_delay=&#8221;200&#8243; uncode_shortcode_id=&#8221;408399&#8243;][\/vc_column][\/vc_row][vc_row row_height_percent=&#8221;0&#8243; override_padding=&#8221;yes&#8221; h_padding=&#8221;2&#8243; top_padding=&#8221;5&#8243; bottom_padding=&#8221;5&#8243; back_color=&#8221;color-210407&#8243; overlay_alpha=&#8221;50&#8243; gutter_size=&#8221;3&#8243; column_width_percent=&#8221;100&#8243; shift_y=&#8221;0&#8243; z_index=&#8221;0&#8243; uncode_shortcode_id=&#8221;196338&#8243; back_color_type=&#8221;uncode-palette&#8221;][vc_column column_width_percent=&#8221;100&#8243; gutter_size=&#8221;4&#8243; overlay_alpha=&#8221;50&#8243; shift_x=&#8221;0&#8243; shift_y=&#8221;0&#8243; shift_y_down=&#8221;0&#8243; z_index=&#8221;0&#8243; medium_width=&#8221;0&#8243; mobile_width=&#8221;0&#8243; width=&#8221;1\/1&#8243;][vc_row_inner row_inner_height_percent=&#8221;0&#8243; overlay_alpha=&#8221;50&#8243; gutter_size=&#8221;4&#8243; shift_y=&#8221;0&#8243; z_index=&#8221;0&#8243; uncode_shortcode_id=&#8221;203115&#8243;][vc_column_inner column_width_percent=&#8221;100&#8243; gutter_size=&#8221;3&#8243; style=&#8221;dark&#8221; overlay_alpha=&#8221;50&#8243; shift_x=&#8221;0&#8243; shift_y=&#8221;0&#8243; shift_y_down=&#8221;0&#8243; z_index=&#8221;0&#8243; medium_width=&#8221;0&#8243; mobile_width=&#8221;0&#8243; sticky=&#8221;yes&#8221; width=&#8221;1\/2&#8243; uncode_shortcode_id=&#8221;185783&#8243;][vc_custom_heading heading_semantic=&#8221;h6&#8243; text_size=&#8221;fontsize-160000&#8243; text_transform=&#8221;uppercase&#8221; text_space=&#8221;fontspace-135905&#8243; uncode_shortcode_id=&#8221;102228&#8243;]Pourquoi choisir DE PIETRI[\/vc_custom_heading][vc_custom_heading heading_semantic=&#8221;h3&#8243; text_size=&#8221;fontsize-115139&#8243; uncode_shortcode_id=&#8221;400406&#8243;]Qualit\u00e9 et valeur, en toute circonstance ![\/vc_custom_heading][vc_custom_heading text_color=&#8221;color-nhtu&#8221; heading_semantic=&#8221;h3&#8243; text_size=&#8221;h3&#8243; text_weight=&#8221;700&#8243; text_height=&#8221;fontheight-357766&#8243; uncode_shortcode_id=&#8221;163348&#8243; text_color_type=&#8221;uncode-palette&#8221;]Nous mettons \u00e0 votre disposition plus de 60 ans d&#8217;exp\u00e9rience[\/vc_custom_heading][vc_column_text uncode_shortcode_id=&#8221;114772&#8243;]Les <strong>r\u00e9colteuses DE PIETRI<\/strong> sont le fruit de l&#8217;exp\u00e9rience acquise sur le terrain par quatre g\u00e9n\u00e9rations. Depuis plus de 60 ans, nous sommes aux c\u00f4t\u00e9s des entreprises du secteur du monde entier, en les aidant et en les soutenant dans leur travail quotidien avec <strong>un produit de grande qualit\u00e9, fiable et \u00e9conomiquement avantageux.<\/strong><\/p>\n<p>Vous ne devrez jamais vous inqui\u00e9ter de la qualit\u00e9 de votre produit apr\u00e8s la r\u00e9colte, <strong>on s&#8217;en occupe !<\/strong>[\/vc_column_text][\/vc_column_inner][vc_column_inner column_width_percent=&#8221;100&#8243; gutter_size=&#8221;3&#8243; style=&#8221;dark&#8221; overlay_alpha=&#8221;50&#8243; shift_x=&#8221;0&#8243; shift_y=&#8221;0&#8243; shift_y_down=&#8221;0&#8243; z_index=&#8221;0&#8243; medium_width=&#8221;0&#8243; mobile_width=&#8221;0&#8243; css_animation=&#8221;bottom-t-top&#8221; animation_delay=&#8221;200&#8243; width=&#8221;1\/2&#8243; uncode_shortcode_id=&#8221;175030&#8243;][vc_icon position=&#8221;left&#8221; title_aligned_icon=&#8221;yes&#8221; icon=&#8221;fa fa-happy&#8221; icon_color=&#8221;color-rgdb&#8221; background_style=&#8221;fa-rounded&#8221; size=&#8221;fa-2x&#8221; text_size=&#8221;h4&#8243; title=&#8221;Pratiques et faciles \u00e0 utiliser&#8221; link=&#8221;|||&#8221; uncode_shortcode_id=&#8221;648986&#8243; icon_color_type=&#8221;uncode-palette&#8221;]Commandes simples et intuitives. Grande man\u0153uvrabilit\u00e9. Confort garanti m\u00eame durant de longs trajets sur route.[\/vc_icon][vc_icon position=&#8221;left&#8221; title_aligned_icon=&#8221;yes&#8221; icon=&#8221;fa fa-flag2&#8243; icon_color=&#8221;color-rgdb&#8221; background_style=&#8221;fa-rounded&#8221; size=&#8221;fa-2x&#8221; text_size=&#8221;h4&#8243; title=&#8221;Performantes&#8221; link=&#8221;|||&#8221; uncode_shortcode_id=&#8221;189106&#8243; icon_color_type=&#8221;uncode-palette&#8221;]Quel que soit l&#8217;environnement de travail et le terrain, elles garantissent toujours un r\u00e9sultat maximum.[\/vc_icon][vc_icon position=&#8221;left&#8221; title_aligned_icon=&#8221;yes&#8221; icon=&#8221;fa fa-shield2&#8243; icon_color=&#8221;color-rgdb&#8221; background_style=&#8221;fa-rounded&#8221; size=&#8221;fa-2x&#8221; text_size=&#8221;h4&#8243; title=&#8221;Fiabilit\u00e9 dans le temps&#8221; link=&#8221;|||&#8221; uncode_shortcode_id=&#8221;565359&#8243; icon_color_type=&#8221;uncode-palette&#8221;]Les mat\u00e9riaux et les composants de grande qualit\u00e9 avec lesquels elles sont construites sont la garantie d&#8217;une fiabilit\u00e9 absolue.[\/vc_icon][vc_icon position=&#8221;left&#8221; title_aligned_icon=&#8221;yes&#8221; icon=&#8221;fa fa-expand2&#8243; icon_color=&#8221;color-rgdb&#8221; background_style=&#8221;fa-rounded&#8221; size=&#8221;fa-2x&#8221; text_size=&#8221;h4&#8243; title=&#8221;Personnalisables&#8221; link=&#8221;|||&#8221; uncode_shortcode_id=&#8221;822243&#8243; icon_color_type=&#8221;uncode-palette&#8221;]Elles peuvent \u00eatre adapt\u00e9es \u00e0 une coupe et une r\u00e9colte personnalis\u00e9e en fonction d&#8217;exigences sp\u00e9cifiques.[\/vc_icon][vc_icon position=&#8221;left&#8221; title_aligned_icon=&#8221;yes&#8221; icon=&#8221;fa fa-bookmark3&#8243; icon_color=&#8221;color-rgdb&#8221; background_style=&#8221;fa-rounded&#8221; size=&#8221;fa-2x&#8221; text_size=&#8221;h4&#8243; title=&#8221;Garantie d&#8217;un produit fini de qualit\u00e9&#8221; link=&#8221;|||&#8221; uncode_shortcode_id=&#8221;149085&#8243; icon_color_type=&#8221;uncode-palette&#8221;]Double barre de coupe r\u00e9glable qui garantit toujours de ne pas g\u00e2cher ou maltraiter la culture au sol.[\/vc_icon][vc_icon position=&#8221;left&#8221; title_aligned_icon=&#8221;yes&#8221; icon=&#8221;fa fa-wallet&#8221; icon_color=&#8221;color-rgdb&#8221; background_style=&#8221;fa-rounded&#8221; size=&#8221;fa-2x&#8221; text_size=&#8221;h4&#8243; title=&#8221;Avantageuses&#8221; link=&#8221;|||&#8221; uncode_shortcode_id=&#8221;824172&#8243; icon_color_type=&#8221;uncode-palette&#8221;]Meilleur rapport qualit\u00e9 \/ prix pr\u00e9sent sur le march\u00e9. Tout cela sans compromis ![\/vc_icon][vc_button size=&#8221;btn-lg&#8221; radius=&#8221;btn-circle&#8221; wide=&#8221;yes&#8221; outline=&#8221;yes&#8221; border_width=&#8221;0&#8243; icon_position=&#8221;right&#8221; uncode_shortcode_id=&#8221;685494&#8243; icon=&#8221;fa fa-paper-plane&#8221; link=&#8221;url:%23chiedi-informazioni|&#8221;]Vous ne nous croyez pas ? Contactez-nous ![\/vc_button][vc_empty_space empty_h=&#8221;3&#8243; desktop_visibility=&#8221;yes&#8221;][\/vc_column_inner][\/vc_row_inner][vc_empty_space empty_h=&#8221;2&#8243;][\/vc_column][\/vc_row][vc_row row_height_percent=&#8221;0&#8243; override_padding=&#8221;yes&#8221; h_padding=&#8221;2&#8243; top_padding=&#8221;4&#8243; bottom_padding=&#8221;3&#8243; overlay_alpha=&#8221;93&#8243; gutter_size=&#8221;3&#8243; column_width_percent=&#8221;100&#8243; shift_y=&#8221;0&#8243; z_index=&#8221;0&#8243; uncode_shortcode_id=&#8221;192910&#8243; row_name=&#8221;gamma prodotti&#8221;][vc_column column_width_percent=&#8221;100&#8243; align_horizontal=&#8221;align_center&#8221; gutter_size=&#8221;3&#8243; overlay_alpha=&#8221;50&#8243; shift_x=&#8221;0&#8243; shift_y=&#8221;-5&#8243; shift_y_fixed=&#8221;yes&#8221; shift_y_down=&#8221;0&#8243; z_index=&#8221;0&#8243; medium_width=&#8221;0&#8243; mobile_width=&#8221;0&#8243; width=&#8221;1\/1&#8243; uncode_shortcode_id=&#8221;160853&#8243;][uncode_index el_id=&#8221;index-518221&#8243; loop=&#8221;size:18|order_by:ID|order:ASC|post_type:page|tax_query:172|taxonomy_count:10&#8243; filtering=&#8221;yes&#8221; filter_style=&#8221;dark&#8221; filter_back_color=&#8221;color-prif&#8221; filtering_position=&#8221;center&#8221; filtering_uppercase=&#8221;yes&#8221; filter_mobile_dropdown=&#8221;yes&#8221; gutter_size=&#8221;3&#8243; page_items=&#8221;title,media|featured|onpost|original,icon|md,text|excerpt,spacer|half,sep-one|full,link|circle|small_size|En savoir plus &gt;,spacer_two|half&#8221; screen_lg=&#8221;1000&#8243; screen_md=&#8221;600&#8243; screen_sm=&#8221;480&#8243; images_size=&#8221;one-one&#8221; single_overlay_color=&#8221;color-482803&#8243; single_overlay_opacity=&#8221;50&#8243; single_text_anim_type=&#8221;btt&#8221; single_padding=&#8221;2&#8243; single_title_semantic=&#8221;h4&#8243; single_title_dimension=&#8221;h3&#8243; single_title_transform=&#8221;uppercase&#8221; single_shadow=&#8221;yes&#8221; shadow_darker=&#8221;yes&#8221; single_border=&#8221;yes&#8221; single_css_animation=&#8221;bottom-t-top&#8221; single_animation_delay=&#8221;200&#8243; no_double_tap=&#8221;yes&#8221; custom_cursor=&#8221;accent&#8221; uncode_shortcode_id=&#8221;146785&#8243; single_icon=&#8221;fa fa-arrow-right2&#8243; filter_mobile_dropdown_text=&#8221;Filtrez les produits&#8221; filter_back_color_type=&#8221;uncode-palette&#8221;][\/vc_column][\/vc_row][vc_row][vc_column width=&#8221;1\/1&#8243;][uncode_block id=&#8221;105306&#8243;][\/vc_column][\/vc_row][vc_row row_height_percent=&#8221;0&#8243; override_padding=&#8221;yes&#8221; h_padding=&#8221;2&#8243; top_padding=&#8221;4&#8243; bottom_padding=&#8221;0&#8243; back_color=&#8221;color-gyho&#8221; back_image=&#8221;103532&#8243; back_attachment=&#8221;fixed&#8221; overlay_alpha=&#8221;88&#8243; gutter_size=&#8221;3&#8243; column_width_percent=&#8221;100&#8243; shift_y=&#8221;0&#8243; z_index=&#8221;2&#8243; uncode_shortcode_id=&#8221;625685&#8243; back_color_type=&#8221;uncode-palette&#8221; back_size=&#8221;1500px&#8221;][vc_column column_width_percent=&#8221;100&#8243; position_vertical=&#8221;middle&#8221; align_horizontal=&#8221;align_center&#8221; gutter_size=&#8221;4&#8243; overlay_alpha=&#8221;50&#8243; shift_x=&#8221;0&#8243; shift_y=&#8221;0&#8243; shift_y_down=&#8221;-5&#8243; shift_y_down_fixed=&#8221;yes&#8221; z_index=&#8221;0&#8243; medium_width=&#8221;0&#8243; align_mobile=&#8221;align_center_mobile&#8221; mobile_width=&#8221;0&#8243; width=&#8221;1\/1&#8243; uncode_shortcode_id=&#8221;117245&#8243;][vc_row_inner][vc_column_inner column_width_use_pixel=&#8221;yes&#8221; align_horizontal=&#8221;align_center&#8221; gutter_size=&#8221;3&#8243; overlay_alpha=&#8221;50&#8243; shift_x=&#8221;0&#8243; shift_y=&#8221;0&#8243; shift_y_down=&#8221;0&#8243; z_index=&#8221;0&#8243; medium_width=&#8221;0&#8243; mobile_width=&#8221;0&#8243; width=&#8221;1\/1&#8243; uncode_shortcode_id=&#8221;490859&#8243; column_width_pixel=&#8221;1000&#8243;][vc_icon icon=&#8221;fa fa-youtube-play&#8221; icon_color=&#8221;color-482803&#8243; size=&#8221;fa-5x&#8221; css_animation=&#8221;zoom-in&#8221; uncode_shortcode_id=&#8221;714499&#8243; icon_color_type=&#8221;uncode-palette&#8221;][\/vc_icon][vc_custom_heading heading_semantic=&#8221;h4&#8243; text_size=&#8221;fontsize-148136&#8243; sub_lead=&#8221;yes&#8221; sub_reduced=&#8221;yes&#8221; css_animation=&#8221;bottom-t-top&#8221; uncode_shortcode_id=&#8221;132454&#8243;]En savoir plus sur les r\u00e9colteuses DE PIETRI[\/vc_custom_heading][vc_column_text uncode_shortcode_id=&#8221;765832&#8243;]Visionnez les essais sur le terrain, les commentaires et la fa\u00e7on dont nos r\u00e9colteuses sont construites.<br \/>\n<a href=\"https:\/\/www.youtube.com\/channel\/UCHfnoETCzDc3aplvq9cU5bQ\" target=\"_blank\" rel=\"noopener\"><strong>Vous pouvez voir toutes nos vid\u00e9os sur notre cha\u00eene YouTube.<\/strong><\/a>[\/vc_column_text][\/vc_column_inner][\/vc_row_inner][vc_tabs][vc_tab icon=&#8221;fa fa-leaf3&#8243; icon_position=&#8221;right&#8221; gutter_size=&#8221;2&#8243; column_padding=&#8221;2&#8243; title=&#8221;Au travail&#8221; tab_id=&#8221;1648635244393-2-102392-ba6b1652108390255&#8243;][vc_single_image media=&#8221;104503&#8243; media_width_percent=&#8221;100&#8243; media_ratio=&#8221;sixteen-nine&#8221; shape=&#8221;img-round&#8221; radius=&#8221;lg&#8221; shadow=&#8221;yes&#8221; shadow_weight=&#8221;sm&#8221; shadow_darker=&#8221;yes&#8221; advanced=&#8221;yes&#8221; media_items=&#8221;media|original,icon|xl&#8221; media_overlay_opacity=&#8221;15&#8243; media_overlay_visible=&#8221;yes&#8221; media_text_visible=&#8221;yes&#8221; media_image_anim=&#8221;no&#8221; media_h_align=&#8221;center&#8221; media_padding=&#8221;2&#8243; media_icon=&#8221;fa fa-play&#8221; uncode_shortcode_id=&#8221;151558&#8243;][\/vc_tab][vc_tab icon=&#8221;fa fa-search2&#8243; icon_position=&#8221;right&#8221; gutter_size=&#8221;2&#8243; column_padding=&#8221;2&#8243; title=&#8221;Commentaires&#8221; tab_id=&#8221;1648626893-2-6816486344526052392-ba6b1652108390255&#8243;][vc_single_image media=&#8221;104489&#8243; media_width_percent=&#8221;100&#8243; media_ratio=&#8221;sixteen-nine&#8221; shape=&#8221;img-round&#8221; radius=&#8221;lg&#8221; shadow=&#8221;yes&#8221; shadow_weight=&#8221;sm&#8221; shadow_darker=&#8221;yes&#8221; advanced=&#8221;yes&#8221; media_items=&#8221;media|original,icon|xl&#8221; media_overlay_opacity=&#8221;15&#8243; media_overlay_visible=&#8221;yes&#8221; media_text_visible=&#8221;yes&#8221; media_image_anim=&#8221;no&#8221; media_h_align=&#8221;center&#8221; media_padding=&#8221;2&#8243; media_icon=&#8221;fa fa-play&#8221; uncode_shortcode_id=&#8221;151736&#8243;][\/vc_tab][vc_tab icon=&#8221;fa fa-tools-2&#8243; icon_position=&#8221;right&#8221; gutter_size=&#8221;2&#8243; column_padding=&#8221;2&#8243; title=&#8221;Comment sont-elles construites&#8221; tab_id=&#8221;1648626893-1-8716486344526052392-ba6b1652108390255&#8243;][vc_single_image media=&#8221;104431&#8243; media_width_percent=&#8221;100&#8243; media_ratio=&#8221;sixteen-nine&#8221; shape=&#8221;img-round&#8221; radius=&#8221;lg&#8221; shadow=&#8221;yes&#8221; shadow_weight=&#8221;sm&#8221; shadow_darker=&#8221;yes&#8221; advanced=&#8221;yes&#8221; media_items=&#8221;media|poster,icon|xl&#8221; media_overlay_opacity=&#8221;15&#8243; media_overlay_visible=&#8221;yes&#8221; media_text_visible=&#8221;yes&#8221; media_image_anim=&#8221;no&#8221; media_h_align=&#8221;center&#8221; media_padding=&#8221;2&#8243; media_icon=&#8221;fa fa-play&#8221; uncode_shortcode_id=&#8221;200080&#8243;][\/vc_tab][\/vc_tabs][\/vc_column][\/vc_row][vc_row][vc_column width=&#8221;1\/1&#8243;][uncode_block id=&#8221;103088&#8243;][\/vc_column][\/vc_row][vc_row][vc_column width=&#8221;1\/1&#8243;][uncode_block id=&#8221;103127&#8243;][\/vc_column][\/vc_row]<\/p>\n<\/div>","protected":false},"excerpt":{"rendered":"<p>[vc_row unlock_row_content=&#8221;yes&#8221; row_height_percent=&#8221;0&#8243; override_padding=&#8221;yes&#8221; h_padding=&#8221;0&#8243; top_padding=&#8221;0&#8243; bottom_padding=&#8221;0&#8243; overlay_alpha=&#8221;50&#8243; equal_height=&#8221;yes&#8221; gutter_size=&#8221;0&#8243; column_width_percent=&#8221;100&#8243; shift_y=&#8221;0&#8243; z_index=&#8221;0&#8243; uncode_shortcode_id=&#8221;606078&#8243; row_height_pixel=&#8221;400&#8243;][vc_column column_width_percent=&#8221;100&#8243; gutter_size=&#8221;3&#8243; back_image=&#8221;104992&#8243; overlay_alpha=&#8221;50&#8243; shift_x=&#8221;0&#8243; [&hellip;]<\/p>\n","protected":false},"author":5,"featured_media":0,"parent":108830,"menu_order":0,"comment_status":"closed","ping_status":"closed","template":"","meta":{"footnotes":""},"class_list":["post-108919","page","type-page","status-publish","hentry"],"_links":{"self":[{"href":"https:\/\/dpdepietri.it\/fr\/wp-json\/wp\/v2\/pages\/108919","targetHints":{"allow":["GET"]}}],"collection":[{"href":"https:\/\/dpdepietri.it\/fr\/wp-json\/wp\/v2\/pages"}],"about":[{"href":"https:\/\/dpdepietri.it\/fr\/wp-json\/wp\/v2\/types\/page"}],"author":[{"embeddable":true,"href":"https:\/\/dpdepietri.it\/fr\/wp-json\/wp\/v2\/users\/5"}],"replies":[{"embeddable":true,"href":"https:\/\/dpdepietri.it\/fr\/wp-json\/wp\/v2\/comments?post=108919"}],"version-history":[{"count":0,"href":"https:\/\/dpdepietri.it\/fr\/wp-json\/wp\/v2\/pages\/108919\/revisions"}],"up":[{"embeddable":true,"href":"https:\/\/dpdepietri.it\/fr\/wp-json\/wp\/v2\/pages\/108830"}],"wp:attachment":[{"href":"https:\/\/dpdepietri.it\/fr\/wp-json\/wp\/v2\/media?parent=108919"}],"curies":[{"name":"wp","href":"https:\/\/api.w.org\/{rel}","templated":true}]}}