{"id":108693,"date":"2022-03-04T16:54:26","date_gmt":"2022-03-04T15:54:26","guid":{"rendered":"https:\/\/dpdepietri.it\/recolteuses-electriques-de-legumes-et-plantes-medicinales-et-aromatiques\/"},"modified":"2022-09-05T14:34:22","modified_gmt":"2022-09-05T12:34:22","slug":"recolteuses-electriques-de-legumes-et-plantes-medicinales-et-aromatiques","status":"publish","type":"page","link":"https:\/\/dpdepietri.it\/fr\/recolteuses-electriques-de-legumes-et-plantes-medicinales-et-aromatiques\/","title":{"rendered":"R\u00e9colteuses \u00e9lectriques de l\u00e9gumes et plantes m\u00e9dicinales et aromatiques"},"content":{"rendered":"<div class=\"wpb-content-wrapper\"><p>[vc_row unlock_row_content=&#8221;yes&#8221; row_height_percent=&#8221;0&#8243; override_padding=&#8221;yes&#8221; h_padding=&#8221;0&#8243; top_padding=&#8221;0&#8243; bottom_padding=&#8221;0&#8243; overlay_alpha=&#8221;50&#8243; equal_height=&#8221;yes&#8221; gutter_size=&#8221;0&#8243; column_width_percent=&#8221;100&#8243; shift_y=&#8221;0&#8243; z_index=&#8221;0&#8243; uncode_shortcode_id=&#8221;606078&#8243; row_height_pixel=&#8221;400&#8243;][vc_column column_width_percent=&#8221;100&#8243; gutter_size=&#8221;3&#8243; back_image=&#8221;104216&#8243; overlay_alpha=&#8221;50&#8243; shift_x=&#8221;0&#8243; shift_y=&#8221;0&#8243; shift_y_down=&#8221;0&#8243; z_index=&#8221;0&#8243; medium_width=&#8221;0&#8243; mobile_width=&#8221;0&#8243; css_animation=&#8221;left-t-right&#8221; width=&#8221;1\/2&#8243; mobile_height=&#8221;340&#8243; uncode_shortcode_id=&#8221;849243&#8243;][\/vc_column][vc_column column_width_use_pixel=&#8221;yes&#8221; gutter_size=&#8221;3&#8243; override_padding=&#8221;yes&#8221; column_padding=&#8221;4&#8243; overlay_alpha=&#8221;50&#8243; shift_x=&#8221;0&#8243; shift_y=&#8221;0&#8243; shift_y_down=&#8221;0&#8243; z_index=&#8221;0&#8243; medium_width=&#8221;0&#8243; mobile_width=&#8221;0&#8243; css_animation=&#8221;bottom-t-top&#8221; animation_delay=&#8221;100&#8243; width=&#8221;1\/2&#8243; column_width_pixel=&#8221;528&#8243; uncode_shortcode_id=&#8221;560465&#8243;][vc_custom_heading text_color=&#8221;color-482803&#8243; heading_semantic=&#8221;h6&#8243; text_size=&#8221;fontsize-160000&#8243; text_transform=&#8221;uppercase&#8221; text_space=&#8221;fontspace-135905&#8243; uncode_shortcode_id=&#8221;172504&#8243; text_color_type=&#8221;uncode-palette&#8221;]Ecoline[\/vc_custom_heading][vc_custom_heading heading_semantic=&#8221;h3&#8243; text_size=&#8221;h1&#8243; uncode_shortcode_id=&#8221;250664&#8243;]R\u00e9colteuses \u00e9lectriques pour la r\u00e9colte en serre ou en champ ouvert[\/vc_custom_heading][vc_custom_heading heading_semantic=&#8221;h3&#8243; text_size=&#8221;h4&#8243; text_height=&#8221;fontheight-357766&#8243; uncode_shortcode_id=&#8221;141816&#8243;]Les r\u00e9colteuses \u00e9lectriques De Pietri sont id\u00e9ales pour la r\u00e9colte et le traitement des l\u00e9gumes frais et des plantes m\u00e9dicinales et aromatiques de quatri\u00e8me gamme.[\/vc_custom_heading][vc_column_text uncode_shortcode_id=&#8221;173872&#8243;]Les r\u00e9colteuses et les mat\u00e9riels De Pietri de la s\u00e9rie<strong> Ecoline,<\/strong> l\u00e9gers et maniables, sont des machines <strong>compl\u00e8tement<\/strong> <strong>\u00e9lectriques,<\/strong> con\u00e7ues pour r\u00e9duire au maximum l&#8217;impact environnemental durant la r\u00e9colte.<\/p>\n<p>Ces machines sont extr\u00eamement silencieuses et sans aucun \u00e9mission ce qui les rend particuli\u00e8rement adapt\u00e9es \u00e0 la r\u00e9colte de l\u00e9gumes et d&#8217;herbes aromatiques en serre. Elles sont dot\u00e9es de puissantes <strong>batteries longue dur\u00e9e<\/strong> et rapidement rechargeables, <strong>elles ne n\u00e9cessitent pas d&#8217;entretien particulier.<\/strong>[\/vc_column_text][vc_button button_color=&#8221;accent&#8221; border_width=&#8221;0&#8243; icon_position=&#8221;right&#8221; scale_mobile=&#8221;no&#8221; link=&#8221;url:%23gamma-prodotti|&#8221; button_color_type=&#8221;uncode-palette&#8221; uncode_shortcode_id=&#8221;159891&#8243; icon=&#8221;fa fa-arrow-right2&#8243;]Voir la gamme[\/vc_button][vc_empty_space empty_h=&#8221;1&#8243;][\/vc_column][\/vc_row][vc_row unlock_row_content=&#8221;yes&#8221; row_height_percent=&#8221;0&#8243; override_padding=&#8221;yes&#8221; h_padding=&#8221;0&#8243; top_padding=&#8221;2&#8243; bottom_padding=&#8221;2&#8243; back_color=&#8221;color-gyho&#8221; overlay_alpha=&#8221;50&#8243; gutter_size=&#8221;3&#8243; column_width_percent=&#8221;100&#8243; shift_y=&#8221;0&#8243; z_index=&#8221;0&#8243; uncode_shortcode_id=&#8221;380640&#8243; back_color_type=&#8221;uncode-palette&#8221;][vc_column width=&#8221;1\/1&#8243;][vc_gallery el_id=&#8221;gallery-499134&#8243; type=&#8221;carousel&#8221; random=&#8221;yes&#8221; medias=&#8221;102284,102283,102280,102281,102279,102275,102276&#8243; carousel_lg=&#8221;6&#8243; carousel_md=&#8221;4&#8243; carousel_sm=&#8221;2&#8243; thumb_size=&#8221;one-one&#8221; gutter_size=&#8221;3&#8243; inner_padding=&#8221;yes&#8221; media_items=&#8221;media|nolink|original,title,caption&#8221; carousel_interval=&#8221;3000&#8243; carousel_navspeed=&#8221;1000&#8243; carousel_loop=&#8221;yes&#8221; stage_padding=&#8221;0&#8243; single_back_color=&#8221;color-lxmt&#8221; single_overlay_color=&#8221;color-482803&#8243; single_overlay_opacity=&#8221;80&#8243; single_text_anim_type=&#8221;btt&#8221; single_h_align=&#8221;center&#8221; single_padding=&#8221;2&#8243; single_title_dimension=&#8221;h3&#8243; single_icon=&#8221;fa fa-arrow-right2&#8243; single_shadow=&#8221;yes&#8221; single_border=&#8221;yes&#8221; single_css_animation=&#8221;zoom-in&#8221; single_animation_delay=&#8221;200&#8243; uncode_shortcode_id=&#8221;632843&#8243; items=&#8221;eyIxMDIyODRfaSI6eyJzaW5nbGVfbGluayI6InVybDpodHRwcyUzQSUyRiUyRmNhbXBiZWxsYWR2Lm9yZyUyRmRlcGlldHJpJTJGcmFjY29nbGl0cmljaS1vcnRhZ2dpJTJGbWFjY2hpbmUtcmFjY29sdGEtdmFsZXJpYW5hJTJGfHRpdGxlOk1hY2NoaW5lJTIwcmFjY29sdGElMjB2YWxlcmlhbmEifSwiMTAyMjg1X2kiOnsic2luZ2xlX2xpbmsiOiJ1cmw6aHR0cHMlM0ElMkYlMkZjYW1wYmVsbGFkdi5vcmclMkZkZXBpZXRyaSUyRm1hY2NoaW5lLXJhY2NvbHRhLXBpYW50ZS1vZmZpY2luYWxpJTJGbWFjY2hpbmUtcmFjY29sdGEtbGF2YW5kYSUyRnx0aXRsZTpNYWNjaGluZSUyMHJhY2NvbHRhJTIwbGF2YW5kYSJ9LCIxMDIyODJfaSI6eyJzaW5nbGVfbGluayI6InVybDpodHRwcyUzQSUyRiUyRmNhbXBiZWxsYWR2Lm9yZyUyRmRlcGlldHJpJTJGbWFjY2hpbmUtcmFjY29sdGEtcGlhbnRlLW9mZmljaW5hbGklMkZyYWNjb2dsaXRyaWNpLXJvc21hcmlubyUyRnx0aXRsZTpSYWNjb2dsaXRyaWNpJTIwcm9zbWFyaW5vIn0sIjEwMjI4M19pIjp7InNpbmdsZV9saW5rIjoidXJsOmh0dHBzJTNBJTJGJTJGY2FtcGJlbGxhZHYub3JnJTJGZGVwaWV0cmklMkZyYWNjb2dsaXRyaWNpLW9ydGFnZ2klMkZyYWNjb2dsaXRyaWNpLXNwaW5hY2klMkZ8dGl0bGU6UmFjY29nbGl0cmljaSUyMHNwaW5hY2kifSwiMTAyMjgwX2kiOnsic2luZ2xlX2xpbmsiOiJ1cmw6aHR0cHMlM0ElMkYlMkZjYW1wYmVsbGFkdi5vcmclMkZkZXBpZXRyaSUyRnJhY2NvZ2xpdHJpY2ktb3J0YWdnaSUyRm1hY2NoaW5lLXJhY2NvbHRhLWluc2FsYXRhJTJGfHRpdGxlOk1hY2NoaW5lJTIwcmFjY29sdGElMjBpbnNhbGF0YSJ9LCIxMDIyODFfaSI6eyJzaW5nbGVfbGluayI6InVybDpodHRwcyUzQSUyRiUyRmNhbXBiZWxsYWR2Lm9yZyUyRmRlcGlldHJpJTJGbWFjY2hpbmUtcmFjY29sdGEtcGlhbnRlLW9mZmljaW5hbGklMkZyYWNjb2dsaXRyaWNpLW9ydGljYSUyRnx0aXRsZTpSYWNjb2dsaXRyaWNpJTIwb3J0aWNhIn0sIjEwMjI3OV9pIjp7InNpbmdsZV9saW5rIjoidXJsOmh0dHBzJTNBJTJGJTJGY2FtcGJlbGxhZHYub3JnJTJGZGVwaWV0cmklMkZtYWNjaGluZS1yYWNjb2x0YS1waWFudGUtb2ZmaWNpbmFsaSUyRnJhY2NvZ2xpdHJpY2ktcHJlenplbW9sbyUyRnx0aXRsZTpSYWNjb2dsaXRyaWNpJTIwcHJlenplbW9sbyJ9LCIxMDIyNzdfaSI6eyJzaW5nbGVfbGluayI6InVybDpodHRwcyUzQSUyRiUyRmNhbXBiZWxsYWR2Lm9yZyUyRmRlcGlldHJpJTJGbWFjY2hpbmUtcmFjY29sdGEtcGlhbnRlLW9mZmljaW5hbGklMkZtYWNjaGluZS1yYWNjb2x0YS1jYW1vbWlsbGElMkZ8dGl0bGU6TWFjY2hpbmUlMjByYWNjb2x0YSUyMGNhbW9taWxsYSJ9LCIxMDIyNzhfaSI6eyJzaW5nbGVfbGluayI6InVybDpodHRwcyUzQSUyRiUyRmNhbXBiZWxsYWR2Lm9yZyUyRmRlcGlldHJpJTJGcmFjY29nbGl0cmljaS1vcnRhZ2dpJTJGbWFjY2hpbmUtcmFjY29sdGEtcnVjb2xhJTJGfHRpdGxlOk1hY2NoaW5lJTIwcmFjY29sdGElMjBydWNvbGEifSwiMTAyMjc1X2kiOnsic2luZ2xlX2xpbmsiOiJ1cmw6aHR0cHMlM0ElMkYlMkZjYW1wYmVsbGFkdi5vcmclMkZkZXBpZXRyaSUyRm1hY2NoaW5lLXJhY2NvbHRhLXBpYW50ZS1vZmZpY2luYWxpJTJGcmFjY29nbGl0cmljaS1zYWx2aWElMkZ8dGl0bGU6UmFjY29nbGl0cmljaSUyMHNhbHZpYSJ9LCIxMDIyNzZfaSI6eyJzaW5nbGVfbGluayI6InVybDpodHRwcyUzQSUyRiUyRmNhbXBiZWxsYWR2Lm9yZyUyRmRlcGlldHJpJTJGbWFjY2hpbmUtcmFjY29sdGEtcGlhbnRlLW9mZmljaW5hbGklMkZtYWNjaGluZS1yYWNjb2x0YS1iYXNpbGljbyUyRnx0aXRsZTpNYWNjaGluZSUyMHJhY2NvbHRhJTIwYmFzaWxpY28ifX0=&#8221;][\/vc_column][\/vc_row][vc_row row_height_percent=&#8221;0&#8243; override_padding=&#8221;yes&#8221; h_padding=&#8221;2&#8243; top_padding=&#8221;5&#8243; bottom_padding=&#8221;5&#8243; back_color=&#8221;color-210407&#8243; overlay_alpha=&#8221;50&#8243; gutter_size=&#8221;3&#8243; column_width_percent=&#8221;100&#8243; shift_y=&#8221;0&#8243; z_index=&#8221;0&#8243; uncode_shortcode_id=&#8221;196338&#8243; back_color_type=&#8221;uncode-palette&#8221;][vc_column column_width_percent=&#8221;100&#8243; gutter_size=&#8221;4&#8243; overlay_alpha=&#8221;50&#8243; shift_x=&#8221;0&#8243; shift_y=&#8221;0&#8243; shift_y_down=&#8221;0&#8243; z_index=&#8221;0&#8243; medium_width=&#8221;0&#8243; mobile_width=&#8221;0&#8243; width=&#8221;1\/1&#8243;][vc_row_inner row_inner_height_percent=&#8221;0&#8243; overlay_alpha=&#8221;50&#8243; gutter_size=&#8221;4&#8243; shift_y=&#8221;0&#8243; z_index=&#8221;0&#8243; uncode_shortcode_id=&#8221;203115&#8243;][vc_column_inner column_width_percent=&#8221;100&#8243; gutter_size=&#8221;3&#8243; style=&#8221;dark&#8221; overlay_alpha=&#8221;50&#8243; shift_x=&#8221;0&#8243; shift_y=&#8221;0&#8243; shift_y_down=&#8221;0&#8243; z_index=&#8221;0&#8243; medium_width=&#8221;0&#8243; mobile_width=&#8221;0&#8243; sticky=&#8221;yes&#8221; width=&#8221;1\/2&#8243; uncode_shortcode_id=&#8221;840481&#8243;][vc_custom_heading heading_semantic=&#8221;h6&#8243; text_size=&#8221;fontsize-160000&#8243; text_transform=&#8221;uppercase&#8221; text_space=&#8221;fontspace-135905&#8243; uncode_shortcode_id=&#8221;102228&#8243;]Pourquoi choisir DE PIETRI[\/vc_custom_heading][vc_custom_heading heading_semantic=&#8221;h3&#8243; text_size=&#8221;fontsize-115139&#8243; uncode_shortcode_id=&#8221;209793&#8243;]R\u00e9colte parfaite et z\u00e9ro \u00e9mission[\/vc_custom_heading][vc_custom_heading text_color=&#8221;color-nhtu&#8221; heading_semantic=&#8221;h3&#8243; text_size=&#8221;h3&#8243; text_weight=&#8221;700&#8243; text_height=&#8221;fontheight-357766&#8243; uncode_shortcode_id=&#8221;417482&#8243; text_color_type=&#8221;uncode-palette&#8221;]Une coupe soign\u00e9e associ\u00e9e \u00e0 une r\u00e9colte d\u00e9licate seront toujours une garantie pr\u00e9cieuse pour votre produit.[\/vc_custom_heading][vc_column_text uncode_shortcode_id=&#8221;241217&#8243;]Comme toutes les r\u00e9colteuses DE PIETRI, les machines \u00e9lectriques de la s\u00e9rie Ecoline ont aussi \u00e9t\u00e9 \u00e9tudi\u00e9es et fabriqu\u00e9es afin de <strong>maintenir une qualit\u00e9 maximum de votre produit final<\/strong>, tout cela sans impact sur l&#8217;environnement et pour une durabilit\u00e9 totale.<br \/>\n<strong>Hautement personnalisables,<\/strong> elles peuvent \u00eatre adapt\u00e9es \u00e0 une coupe et une r\u00e9colte personnalis\u00e9e.[\/vc_column_text][\/vc_column_inner][vc_column_inner column_width_percent=&#8221;100&#8243; gutter_size=&#8221;3&#8243; style=&#8221;dark&#8221; overlay_alpha=&#8221;50&#8243; shift_x=&#8221;0&#8243; shift_y=&#8221;0&#8243; shift_y_down=&#8221;0&#8243; z_index=&#8221;0&#8243; medium_width=&#8221;0&#8243; mobile_width=&#8221;0&#8243; css_animation=&#8221;bottom-t-top&#8221; animation_delay=&#8221;200&#8243; width=&#8221;1\/2&#8243; uncode_shortcode_id=&#8221;175030&#8243;][vc_icon position=&#8221;left&#8221; title_aligned_icon=&#8221;yes&#8221; icon=&#8221;fa fa-leaf&#8221; icon_color=&#8221;color-wayh&#8221; background_style=&#8221;fa-rounded&#8221; size=&#8221;fa-2x&#8221; text_size=&#8221;h4&#8243; title=&#8221;Z\u00e9ro impact sur l&#8217;environnement&#8221; link=&#8221;|||&#8221; uncode_shortcode_id=&#8221;509110&#8243; icon_color_type=&#8221;uncode-palette&#8221;]Dot\u00e9es de moteur \u00e9lectrique de derni\u00e8re g\u00e9n\u00e9ration, elles ne polluent pas et respectent enti\u00e8rement vos produits biologiques.[\/vc_icon][vc_icon position=&#8221;left&#8221; title_aligned_icon=&#8221;yes&#8221; icon=&#8221;fa fa-headphones&#8221; icon_color=&#8221;color-rgdb&#8221; background_style=&#8221;fa-rounded&#8221; size=&#8221;fa-2x&#8221; text_size=&#8221;h4&#8243; title=&#8221;Z\u00e9ro bruit&#8221; link=&#8221;|||&#8221; uncode_shortcode_id=&#8221;175229&#8243; icon_color_type=&#8221;uncode-palette&#8221;]Silencieuses et \u00e0 tr\u00e8s faibles \u00e9missions sonores, elles permettent une r\u00e9colte en toute tranquillit\u00e9.[\/vc_icon][vc_icon position=&#8221;left&#8221; title_aligned_icon=&#8221;yes&#8221; icon=&#8221;fa fa-battery2&#8243; icon_color=&#8221;color-rgdb&#8221; background_style=&#8221;fa-rounded&#8221; size=&#8221;fa-2x&#8221; text_size=&#8221;h4&#8243; title=&#8221;Batteries longue dur\u00e9e&#8221; link=&#8221;|||&#8221; uncode_shortcode_id=&#8221;177929&#8243; icon_color_type=&#8221;uncode-palette&#8221;]Des batteries de derni\u00e8re g\u00e9n\u00e9ration et \u00e0 la pointe de la technologie permettent une r\u00e9colte sans pause.[\/vc_icon][vc_icon position=&#8221;left&#8221; title_aligned_icon=&#8221;yes&#8221; icon=&#8221;fa fa-refresh&#8221; icon_color=&#8221;color-rgdb&#8221; background_style=&#8221;fa-rounded&#8221; size=&#8221;fa-2x&#8221; text_size=&#8221;h4&#8243; title=&#8221;Recharge rapide&#8221; link=&#8221;|||&#8221; uncode_shortcode_id=&#8221;153878&#8243; icon_color_type=&#8221;uncode-palette&#8221;]La recharge rapide permet \u00e0 la machine d&#8217;\u00eatre constamment et rapidement op\u00e9rationnelle. La fonction de recharge sert aussi de maintien de charge.[\/vc_icon][vc_icon position=&#8221;left&#8221; title_aligned_icon=&#8221;yes&#8221; icon=&#8221;fa fa-eur&#8221; icon_color=&#8221;color-rgdb&#8221; background_style=&#8221;fa-rounded&#8221; size=&#8221;fa-2x&#8221; text_size=&#8221;h4&#8243; title=&#8221;Avantageuses&#8221; link=&#8221;|||&#8221; uncode_shortcode_id=&#8221;697746&#8243; icon_color_type=&#8221;uncode-palette&#8221;]Meilleur rapport qualit\u00e9 \/ prix pr\u00e9sent sur le march\u00e9. Tout cela sans compromis ![\/vc_icon][vc_button size=&#8221;btn-lg&#8221; radius=&#8221;btn-circle&#8221; wide=&#8221;yes&#8221; outline=&#8221;yes&#8221; border_width=&#8221;0&#8243; icon_position=&#8221;right&#8221; uncode_shortcode_id=&#8221;127418&#8243; link=&#8221;url:%23chiedi-informazioni|&#8221; icon=&#8221;fa fa-paper-plane&#8221;]Vous ne nous croyez pas ? Contactez-nous ![\/vc_button][\/vc_column_inner][\/vc_row_inner][vc_empty_space empty_h=&#8221;2&#8243;][\/vc_column][\/vc_row][vc_row row_height_percent=&#8221;0&#8243; override_padding=&#8221;yes&#8221; h_padding=&#8221;2&#8243; top_padding=&#8221;4&#8243; bottom_padding=&#8221;5&#8243; overlay_alpha=&#8221;93&#8243; gutter_size=&#8221;3&#8243; column_width_percent=&#8221;100&#8243; shift_y=&#8221;0&#8243; z_index=&#8221;0&#8243; uncode_shortcode_id=&#8221;129643&#8243; row_name=&#8221;Gamma prodotti&#8221;][vc_column column_width_percent=&#8221;100&#8243; align_horizontal=&#8221;align_center&#8221; gutter_size=&#8221;3&#8243; overlay_alpha=&#8221;50&#8243; shift_x=&#8221;0&#8243; shift_y=&#8221;-5&#8243; shift_y_fixed=&#8221;yes&#8221; shift_y_down=&#8221;0&#8243; z_index=&#8221;0&#8243; medium_width=&#8221;0&#8243; mobile_width=&#8221;0&#8243; width=&#8221;1\/1&#8243; uncode_shortcode_id=&#8221;160853&#8243;][uncode_index el_id=&#8221;index-518221&#8243; loop=&#8221;size:10|order_by:ID|order:ASC|post_type:page|tax_query:178,181|taxonomy_count:10&#8243; filtering=&#8221;yes&#8221; filter_style=&#8221;dark&#8221; filter_back_color=&#8221;color-prif&#8221; filtering_position=&#8221;center&#8221; filtering_uppercase=&#8221;yes&#8221; filter_mobile_dropdown=&#8221;yes&#8221; gutter_size=&#8221;3&#8243; page_items=&#8221;title,media|featured|onpost|original,icon|md,text|excerpt,spacer|half,sep-one|full,link|circle|small_size|En savoir plus &gt;,spacer_two|half&#8221; screen_lg=&#8221;1000&#8243; screen_md=&#8221;600&#8243; screen_sm=&#8221;480&#8243; images_size=&#8221;one-one&#8221; single_overlay_color=&#8221;color-482803&#8243; single_overlay_opacity=&#8221;50&#8243; single_text_anim_type=&#8221;btt&#8221; single_padding=&#8221;2&#8243; single_title_semantic=&#8221;h4&#8243; single_title_dimension=&#8221;h3&#8243; single_title_transform=&#8221;uppercase&#8221; single_shadow=&#8221;yes&#8221; shadow_darker=&#8221;yes&#8221; single_border=&#8221;yes&#8221; single_css_animation=&#8221;bottom-t-top&#8221; single_animation_delay=&#8221;200&#8243; no_double_tap=&#8221;yes&#8221; custom_cursor=&#8221;accent&#8221; uncode_shortcode_id=&#8221;443840&#8243; single_icon=&#8221;fa fa-arrow-right2&#8243; filter_mobile_dropdown_text=&#8221;Filtrez les produits&#8221; filter_back_color_type=&#8221;uncode-palette&#8221;][\/vc_column][\/vc_row][vc_row][vc_column width=&#8221;1\/1&#8243;][uncode_block id=&#8221;105306&#8243;][\/vc_column][\/vc_row][vc_row row_height_percent=&#8221;0&#8243; override_padding=&#8221;yes&#8221; h_padding=&#8221;2&#8243; top_padding=&#8221;4&#8243; bottom_padding=&#8221;0&#8243; back_color=&#8221;color-gyho&#8221; back_image=&#8221;103532&#8243; back_attachment=&#8221;fixed&#8221; overlay_alpha=&#8221;88&#8243; gutter_size=&#8221;3&#8243; column_width_percent=&#8221;100&#8243; shift_y=&#8221;0&#8243; z_index=&#8221;2&#8243; uncode_shortcode_id=&#8221;625685&#8243; back_color_type=&#8221;uncode-palette&#8221; back_size=&#8221;1500px&#8221;][vc_column column_width_percent=&#8221;100&#8243; position_vertical=&#8221;middle&#8221; align_horizontal=&#8221;align_center&#8221; gutter_size=&#8221;4&#8243; overlay_alpha=&#8221;50&#8243; shift_x=&#8221;0&#8243; shift_y=&#8221;0&#8243; shift_y_down=&#8221;-5&#8243; shift_y_down_fixed=&#8221;yes&#8221; z_index=&#8221;0&#8243; medium_width=&#8221;0&#8243; align_mobile=&#8221;align_center_mobile&#8221; mobile_width=&#8221;0&#8243; width=&#8221;1\/1&#8243; uncode_shortcode_id=&#8221;117245&#8243;][vc_row_inner][vc_column_inner column_width_percent=&#8221;100&#8243; align_horizontal=&#8221;align_center&#8221; gutter_size=&#8221;3&#8243; overlay_alpha=&#8221;50&#8243; shift_x=&#8221;0&#8243; shift_y=&#8221;0&#8243; shift_y_down=&#8221;0&#8243; z_index=&#8221;0&#8243; medium_width=&#8221;0&#8243; mobile_width=&#8221;0&#8243; width=&#8221;1\/1&#8243; uncode_shortcode_id=&#8221;169474&#8243;][vc_icon icon=&#8221;fa fa-youtube-play&#8221; icon_color=&#8221;color-482803&#8243; size=&#8221;fa-5x&#8221; css_animation=&#8221;zoom-in&#8221; uncode_shortcode_id=&#8221;714499&#8243; icon_color_type=&#8221;uncode-palette&#8221;][\/vc_icon][vc_custom_heading heading_semantic=&#8221;h3&#8243; text_size=&#8221;fontsize-148136&#8243; sub_lead=&#8221;yes&#8221; sub_reduced=&#8221;yes&#8221; css_animation=&#8221;bottom-t-top&#8221; uncode_shortcode_id=&#8221;357947&#8243;]En savoir plus sur les r\u00e9colteuses \u00e9lectriques DE PIETRI[\/vc_custom_heading][vc_column_text uncode_shortcode_id=&#8221;225782&#8243;]Visionnez les essais sur le terrain, les commentaires et la fa\u00e7on dont nos r\u00e9colteuses sont construites.<br \/>\n<a href=\"https:\/\/www.youtube.com\/channel\/UCHfnoETCzDc3aplvq9cU5bQ\" target=\"_blank\" rel=\"noopener\"><strong> Vous pouvez voir toutes nos vid\u00e9os sur notre cha\u00eene YouTube. <\/strong><\/a>[\/vc_column_text][\/vc_column_inner][\/vc_row_inner][vc_tabs][vc_tab icon=&#8221;fa fa-leaf3&#8243; icon_position=&#8221;right&#8221; gutter_size=&#8221;2&#8243; column_padding=&#8221;2&#8243; title=&#8221;Au travail&#8221; tab_id=&#8221;1648635244393-2-10b575-1e9a&#8221;][vc_single_image media=&#8221;104238&#8243; media_width_percent=&#8221;100&#8243; media_ratio=&#8221;sixteen-nine&#8221; shape=&#8221;img-round&#8221; radius=&#8221;lg&#8221; shadow=&#8221;yes&#8221; shadow_weight=&#8221;sm&#8221; shadow_darker=&#8221;yes&#8221; advanced=&#8221;yes&#8221; media_items=&#8221;media|original,icon|xl&#8221; media_overlay_opacity=&#8221;15&#8243; media_overlay_visible=&#8221;yes&#8221; media_text_visible=&#8221;yes&#8221; media_image_anim=&#8221;no&#8221; media_h_align=&#8221;center&#8221; media_padding=&#8221;2&#8243; media_icon=&#8221;fa fa-play&#8221; uncode_shortcode_id=&#8221;194054&#8243;][\/vc_tab][vc_tab icon=&#8221;fa fa-search2&#8243; icon_position=&#8221;right&#8221; gutter_size=&#8221;2&#8243; column_padding=&#8221;2&#8243; title=&#8221;Commentaires&#8221; tab_id=&#8221;1648626893-2-681648634452605b575-1e9a&#8221;][vc_single_image media=&#8221;104237&#8243; media_width_percent=&#8221;100&#8243; media_ratio=&#8221;sixteen-nine&#8221; shape=&#8221;img-round&#8221; radius=&#8221;lg&#8221; shadow=&#8221;yes&#8221; shadow_weight=&#8221;sm&#8221; shadow_darker=&#8221;yes&#8221; advanced=&#8221;yes&#8221; media_items=&#8221;media|original,icon|xl&#8221; media_overlay_opacity=&#8221;15&#8243; media_overlay_visible=&#8221;yes&#8221; media_text_visible=&#8221;yes&#8221; media_image_anim=&#8221;no&#8221; media_h_align=&#8221;center&#8221; media_padding=&#8221;2&#8243; media_icon=&#8221;fa fa-play&#8221; uncode_shortcode_id=&#8221;651070&#8243;][\/vc_tab][vc_tab icon=&#8221;fa fa-tools-2&#8243; icon_position=&#8221;right&#8221; gutter_size=&#8221;2&#8243; column_padding=&#8221;2&#8243; title=&#8221;Comment sont-elles construites&#8221; tab_id=&#8221;1648626893-1-871648634452605b575-1e9a&#8221;][vc_single_image media=&#8221;104239&#8243; media_width_percent=&#8221;100&#8243; media_ratio=&#8221;sixteen-nine&#8221; shape=&#8221;img-round&#8221; radius=&#8221;lg&#8221; shadow=&#8221;yes&#8221; shadow_weight=&#8221;sm&#8221; shadow_darker=&#8221;yes&#8221; advanced=&#8221;yes&#8221; media_items=&#8221;media|poster,icon|xl&#8221; media_overlay_opacity=&#8221;15&#8243; media_overlay_visible=&#8221;yes&#8221; media_text_visible=&#8221;yes&#8221; media_image_anim=&#8221;no&#8221; media_h_align=&#8221;center&#8221; media_padding=&#8221;2&#8243; media_icon=&#8221;fa fa-play&#8221; uncode_shortcode_id=&#8221;210780&#8243;][\/vc_tab][\/vc_tabs][\/vc_column][\/vc_row][vc_row][vc_column width=&#8221;1\/1&#8243;][uncode_block id=&#8221;103088&#8243;][\/vc_column][\/vc_row][vc_row][vc_column width=&#8221;1\/1&#8243;][uncode_block id=&#8221;103127&#8243;][\/vc_column][\/vc_row]<\/p>\n<\/div>","protected":false},"excerpt":{"rendered":"<p>[vc_row unlock_row_content=&#8221;yes&#8221; row_height_percent=&#8221;0&#8243; override_padding=&#8221;yes&#8221; h_padding=&#8221;0&#8243; top_padding=&#8221;0&#8243; bottom_padding=&#8221;0&#8243; overlay_alpha=&#8221;50&#8243; equal_height=&#8221;yes&#8221; gutter_size=&#8221;0&#8243; column_width_percent=&#8221;100&#8243; shift_y=&#8221;0&#8243; z_index=&#8221;0&#8243; uncode_shortcode_id=&#8221;606078&#8243; row_height_pixel=&#8221;400&#8243;][vc_column column_width_percent=&#8221;100&#8243; gutter_size=&#8221;3&#8243; back_image=&#8221;104216&#8243; overlay_alpha=&#8221;50&#8243; shift_x=&#8221;0&#8243; [&hellip;]<\/p>\n","protected":false},"author":5,"featured_media":0,"parent":0,"menu_order":0,"comment_status":"closed","ping_status":"closed","template":"","meta":{"footnotes":""},"class_list":["post-108693","page","type-page","status-publish","hentry"],"_links":{"self":[{"href":"https:\/\/dpdepietri.it\/fr\/wp-json\/wp\/v2\/pages\/108693","targetHints":{"allow":["GET"]}}],"collection":[{"href":"https:\/\/dpdepietri.it\/fr\/wp-json\/wp\/v2\/pages"}],"about":[{"href":"https:\/\/dpdepietri.it\/fr\/wp-json\/wp\/v2\/types\/page"}],"author":[{"embeddable":true,"href":"https:\/\/dpdepietri.it\/fr\/wp-json\/wp\/v2\/users\/5"}],"replies":[{"embeddable":true,"href":"https:\/\/dpdepietri.it\/fr\/wp-json\/wp\/v2\/comments?post=108693"}],"version-history":[{"count":0,"href":"https:\/\/dpdepietri.it\/fr\/wp-json\/wp\/v2\/pages\/108693\/revisions"}],"wp:attachment":[{"href":"https:\/\/dpdepietri.it\/fr\/wp-json\/wp\/v2\/media?parent=108693"}],"curies":[{"name":"wp","href":"https:\/\/api.w.org\/{rel}","templated":true}]}}