{"id":108701,"date":"2022-03-04T16:54:26","date_gmt":"2022-03-04T15:54:26","guid":{"rendered":"https:\/\/dpdepietri.it\/cosechadoras-electricas-de-hortalizas-y-de-plantas-medicinales-y-aromaticas\/"},"modified":"2022-09-05T14:34:50","modified_gmt":"2022-09-05T12:34:50","slug":"cosechadoras-electricas-de-hortalizas-y-de-plantas-medicinales-y-aromaticas","status":"publish","type":"page","link":"https:\/\/dpdepietri.it\/es\/cosechadoras-electricas-de-hortalizas-y-de-plantas-medicinales-y-aromaticas\/","title":{"rendered":"Cosechadoras el\u00e9ctricas de hortalizas y de plantas medicinales y arom\u00e1ticas"},"content":{"rendered":"<div class=\"wpb-content-wrapper\"><p>[vc_row unlock_row_content=&#8221;yes&#8221; row_height_percent=&#8221;0&#8243; override_padding=&#8221;yes&#8221; h_padding=&#8221;0&#8243; top_padding=&#8221;0&#8243; bottom_padding=&#8221;0&#8243; overlay_alpha=&#8221;50&#8243; equal_height=&#8221;yes&#8221; gutter_size=&#8221;0&#8243; column_width_percent=&#8221;100&#8243; shift_y=&#8221;0&#8243; z_index=&#8221;0&#8243; uncode_shortcode_id=&#8221;606078&#8243; row_height_pixel=&#8221;400&#8243;][vc_column column_width_percent=&#8221;100&#8243; gutter_size=&#8221;3&#8243; back_image=&#8221;104216&#8243; overlay_alpha=&#8221;50&#8243; shift_x=&#8221;0&#8243; shift_y=&#8221;0&#8243; shift_y_down=&#8221;0&#8243; z_index=&#8221;0&#8243; medium_width=&#8221;0&#8243; mobile_width=&#8221;0&#8243; css_animation=&#8221;left-t-right&#8221; width=&#8221;1\/2&#8243; mobile_height=&#8221;340&#8243; uncode_shortcode_id=&#8221;849243&#8243;][\/vc_column][vc_column column_width_use_pixel=&#8221;yes&#8221; gutter_size=&#8221;3&#8243; override_padding=&#8221;yes&#8221; column_padding=&#8221;4&#8243; overlay_alpha=&#8221;50&#8243; shift_x=&#8221;0&#8243; shift_y=&#8221;0&#8243; shift_y_down=&#8221;0&#8243; z_index=&#8221;0&#8243; medium_width=&#8221;0&#8243; mobile_width=&#8221;0&#8243; css_animation=&#8221;bottom-t-top&#8221; animation_delay=&#8221;100&#8243; width=&#8221;1\/2&#8243; column_width_pixel=&#8221;528&#8243; uncode_shortcode_id=&#8221;560465&#8243;][vc_custom_heading text_color=&#8221;color-482803&#8243; heading_semantic=&#8221;h6&#8243; text_size=&#8221;fontsize-160000&#8243; text_transform=&#8221;uppercase&#8221; text_space=&#8221;fontspace-135905&#8243; uncode_shortcode_id=&#8221;172504&#8243; text_color_type=&#8221;uncode-palette&#8221;]Ecoline[\/vc_custom_heading][vc_custom_heading heading_semantic=&#8221;h3&#8243; text_size=&#8221;h1&#8243; uncode_shortcode_id=&#8221;250664&#8243;]Cosechadoras el\u00e9ctricas para la recolecci\u00f3n en invernadero o en campo abierto[\/vc_custom_heading][vc_custom_heading heading_semantic=&#8221;h3&#8243; text_size=&#8221;h4&#8243; text_height=&#8221;fontheight-357766&#8243; uncode_shortcode_id=&#8221;141816&#8243;]Las cosechadoras el\u00e9ctricas De Pietri son ideales para la recolecci\u00f3n y el tratamiento de hortalizas frescas y de plantas medicinales y arom\u00e1ticas de cuarta gama.[\/vc_custom_heading][vc_column_text uncode_shortcode_id=&#8221;173872&#8243;]Las ligeras y manejables cosechadoras y equipos De Pietri de la serie <strong>Ecoline<\/strong> son m\u00e1quinas <strong>totalmente el\u00e9ctricas <\/strong>dise\u00f1adas para minimizar el impacto medioambiental durante la recolecci\u00f3n.<\/p>\n<p>Gracias a su funcionamiento extremadamente silencioso y a la ausencia total de emisiones, son especialmente adecuadas para la recolecci\u00f3n de hortalizas y hierbas arom\u00e1ticas en invernaderos. Equipadas con <strong>bater\u00edas de larga duraci\u00f3n<\/strong> y r\u00e1pidamente recargables, <strong>no requieren ning\u00fan mantenimiento especial.<\/strong>[\/vc_column_text][vc_button button_color=&#8221;accent&#8221; border_width=&#8221;0&#8243; icon_position=&#8221;right&#8221; scale_mobile=&#8221;no&#8221; link=&#8221;url:%23gamma-prodotti|&#8221; button_color_type=&#8221;uncode-palette&#8221; uncode_shortcode_id=&#8221;159891&#8243; icon=&#8221;fa fa-arrow-right2&#8243;]Ve a la gama[\/vc_button][vc_empty_space empty_h=&#8221;1&#8243;][\/vc_column][\/vc_row][vc_row unlock_row_content=&#8221;yes&#8221; row_height_percent=&#8221;0&#8243; override_padding=&#8221;yes&#8221; h_padding=&#8221;0&#8243; top_padding=&#8221;2&#8243; bottom_padding=&#8221;2&#8243; back_color=&#8221;color-gyho&#8221; overlay_alpha=&#8221;50&#8243; gutter_size=&#8221;3&#8243; column_width_percent=&#8221;100&#8243; shift_y=&#8221;0&#8243; z_index=&#8221;0&#8243; uncode_shortcode_id=&#8221;380640&#8243; back_color_type=&#8221;uncode-palette&#8221;][vc_column width=&#8221;1\/1&#8243;][vc_gallery el_id=&#8221;gallery-499134&#8243; type=&#8221;carousel&#8221; random=&#8221;yes&#8221; medias=&#8221;102284,102283,102280,102281,102279,102275,102276&#8243; carousel_lg=&#8221;6&#8243; carousel_md=&#8221;4&#8243; carousel_sm=&#8221;2&#8243; thumb_size=&#8221;one-one&#8221; gutter_size=&#8221;3&#8243; inner_padding=&#8221;yes&#8221; media_items=&#8221;media|nolink|original,title,caption&#8221; carousel_interval=&#8221;3000&#8243; carousel_navspeed=&#8221;1000&#8243; carousel_loop=&#8221;yes&#8221; stage_padding=&#8221;0&#8243; single_back_color=&#8221;color-lxmt&#8221; single_overlay_color=&#8221;color-482803&#8243; single_overlay_opacity=&#8221;80&#8243; single_text_anim_type=&#8221;btt&#8221; single_h_align=&#8221;center&#8221; single_padding=&#8221;2&#8243; single_title_dimension=&#8221;h3&#8243; single_icon=&#8221;fa fa-arrow-right2&#8243; single_shadow=&#8221;yes&#8221; single_border=&#8221;yes&#8221; single_css_animation=&#8221;zoom-in&#8221; single_animation_delay=&#8221;200&#8243; uncode_shortcode_id=&#8221;632843&#8243; items=&#8221;eyIxMDIyODRfaSI6eyJzaW5nbGVfbGluayI6InVybDpodHRwczovL2NhbXBiZWxsYWR2Lm9yZy9kZXBpZXRyaS9yYWNjb2dsaXRyaWNpLW9ydGFnZ2kvbWFjY2hpbmUtcmFjY29sdGEtdmFsZXJpYW5hL3x0aXRsZTpNYWNjaGluZSByYWNjb2x0YSB2YWxlcmlhbmEifSwiMTAyMjg1X2kiOnsic2luZ2xlX2xpbmsiOiJ1cmw6aHR0cHM6Ly9jYW1wYmVsbGFkdi5vcmcvZGVwaWV0cmkvbWFjY2hpbmUtcmFjY29sdGEtcGlhbnRlLW9mZmljaW5hbGkvbWFjY2hpbmUtcmFjY29sdGEtbGF2YW5kYS98dGl0bGU6TWFjY2hpbmUgcmFjY29sdGEgbGF2YW5kYSJ9LCIxMDIyODJfaSI6eyJzaW5nbGVfbGluayI6InVybDpodHRwczovL2NhbXBiZWxsYWR2Lm9yZy9kZXBpZXRyaS9tYWNjaGluZS1yYWNjb2x0YS1waWFudGUtb2ZmaWNpbmFsaS9yYWNjb2dsaXRyaWNpLXJvc21hcmluby98dGl0bGU6UmFjY29nbGl0cmljaSByb3NtYXJpbm8ifSwiMTAyMjgzX2kiOnsic2luZ2xlX2xpbmsiOiJ1cmw6aHR0cHM6Ly9jYW1wYmVsbGFkdi5vcmcvZGVwaWV0cmkvcmFjY29nbGl0cmljaS1vcnRhZ2dpL3JhY2NvZ2xpdHJpY2ktc3BpbmFjaS98dGl0bGU6UmFjY29nbGl0cmljaSBzcGluYWNpIn0sIjEwMjI4MF9pIjp7InNpbmdsZV9saW5rIjoidXJsOmh0dHBzOi8vY2FtcGJlbGxhZHYub3JnL2RlcGlldHJpL3JhY2NvZ2xpdHJpY2ktb3J0YWdnaS9tYWNjaGluZS1yYWNjb2x0YS1pbnNhbGF0YS98dGl0bGU6TWFjY2hpbmUgcmFjY29sdGEgaW5zYWxhdGEifSwiMTAyMjgxX2kiOnsic2luZ2xlX2xpbmsiOiJ1cmw6aHR0cHM6Ly9jYW1wYmVsbGFkdi5vcmcvZGVwaWV0cmkvbWFjY2hpbmUtcmFjY29sdGEtcGlhbnRlLW9mZmljaW5hbGkvcmFjY29nbGl0cmljaS1vcnRpY2EvfHRpdGxlOlJhY2NvZ2xpdHJpY2kgb3J0aWNhIn0sIjEwMjI3OV9pIjp7InNpbmdsZV9saW5rIjoidXJsOmh0dHBzOi8vY2FtcGJlbGxhZHYub3JnL2RlcGlldHJpL21hY2NoaW5lLXJhY2NvbHRhLXBpYW50ZS1vZmZpY2luYWxpL3JhY2NvZ2xpdHJpY2ktcHJlenplbW9sby98dGl0bGU6UmFjY29nbGl0cmljaSBwcmV6emVtb2xvIn0sIjEwMjI3N19pIjp7InNpbmdsZV9saW5rIjoidXJsOmh0dHBzOi8vY2FtcGJlbGxhZHYub3JnL2RlcGlldHJpL21hY2NoaW5lLXJhY2NvbHRhLXBpYW50ZS1vZmZpY2luYWxpL21hY2NoaW5lLXJhY2NvbHRhLWNhbW9taWxsYS98dGl0bGU6TWFjY2hpbmUgcmFjY29sdGEgY2Ftb21pbGxhIn0sIjEwMjI3OF9pIjp7InNpbmdsZV9saW5rIjoidXJsOmh0dHBzOi8vY2FtcGJlbGxhZHYub3JnL2RlcGlldHJpL3JhY2NvZ2xpdHJpY2ktb3J0YWdnaS9tYWNjaGluZS1yYWNjb2x0YS1ydWNvbGEvfHRpdGxlOk1hY2NoaW5lIHJhY2NvbHRhIHJ1Y29sYSJ9LCIxMDIyNzVfaSI6eyJzaW5nbGVfbGluayI6InVybDpodHRwczovL2NhbXBiZWxsYWR2Lm9yZy9kZXBpZXRyaS9tYWNjaGluZS1yYWNjb2x0YS1waWFudGUtb2ZmaWNpbmFsaS9yYWNjb2dsaXRyaWNpLXNhbHZpYS98dGl0bGU6UmFjY29nbGl0cmljaSBzYWx2aWEifSwiMTAyMjc2X2kiOnsic2luZ2xlX2xpbmsiOiJ1cmw6aHR0cHM6Ly9jYW1wYmVsbGFkdi5vcmcvZGVwaWV0cmkvbWFjY2hpbmUtcmFjY29sdGEtcGlhbnRlLW9mZmljaW5hbGkvbWFjY2hpbmUtcmFjY29sdGEtYmFzaWxpY28vfHRpdGxlOk1hY2NoaW5lIHJhY2NvbHRhIGJhc2lsaWNvIn19&#8243;][\/vc_column][\/vc_row][vc_row row_height_percent=&#8221;0&#8243; override_padding=&#8221;yes&#8221; h_padding=&#8221;2&#8243; top_padding=&#8221;5&#8243; bottom_padding=&#8221;5&#8243; back_color=&#8221;color-210407&#8243; overlay_alpha=&#8221;50&#8243; gutter_size=&#8221;3&#8243; column_width_percent=&#8221;100&#8243; shift_y=&#8221;0&#8243; z_index=&#8221;0&#8243; uncode_shortcode_id=&#8221;196338&#8243; back_color_type=&#8221;uncode-palette&#8221;][vc_column column_width_percent=&#8221;100&#8243; gutter_size=&#8221;4&#8243; overlay_alpha=&#8221;50&#8243; shift_x=&#8221;0&#8243; shift_y=&#8221;0&#8243; shift_y_down=&#8221;0&#8243; z_index=&#8221;0&#8243; medium_width=&#8221;0&#8243; mobile_width=&#8221;0&#8243; width=&#8221;1\/1&#8243;][vc_row_inner row_inner_height_percent=&#8221;0&#8243; overlay_alpha=&#8221;50&#8243; gutter_size=&#8221;4&#8243; shift_y=&#8221;0&#8243; z_index=&#8221;0&#8243; uncode_shortcode_id=&#8221;203115&#8243;][vc_column_inner column_width_percent=&#8221;100&#8243; gutter_size=&#8221;3&#8243; style=&#8221;dark&#8221; overlay_alpha=&#8221;50&#8243; shift_x=&#8221;0&#8243; shift_y=&#8221;0&#8243; shift_y_down=&#8221;0&#8243; z_index=&#8221;0&#8243; medium_width=&#8221;0&#8243; mobile_width=&#8221;0&#8243; sticky=&#8221;yes&#8221; width=&#8221;1\/2&#8243; uncode_shortcode_id=&#8221;840481&#8243;][vc_custom_heading heading_semantic=&#8221;h6&#8243; text_size=&#8221;fontsize-160000&#8243; text_transform=&#8221;uppercase&#8221; text_space=&#8221;fontspace-135905&#8243; uncode_shortcode_id=&#8221;102228&#8243;]Por qu\u00e9 elegir DE PIETRI[\/vc_custom_heading][vc_custom_heading heading_semantic=&#8221;h3&#8243; text_size=&#8221;fontsize-115139&#8243; uncode_shortcode_id=&#8221;209793&#8243;]Cosecha perfecta y cero emisiones[\/vc_custom_heading][vc_custom_heading text_color=&#8221;color-nhtu&#8221; heading_semantic=&#8221;h3&#8243; text_size=&#8221;h3&#8243; text_weight=&#8221;700&#8243; text_height=&#8221;fontheight-357766&#8243; uncode_shortcode_id=&#8221;417482&#8243; text_color_type=&#8221;uncode-palette&#8221;]Un corte preciso combinado con una recolecci\u00f3n delicada ser\u00e1 siempre una garant\u00eda de calidad para tu producto.[\/vc_custom_heading][vc_column_text uncode_shortcode_id=&#8221;241217&#8243;]Como todas las cosechadoras DE PIETRI, incluso las m\u00e1quinas el\u00e9ctricas de la serie Ecoline est\u00e1n dise\u00f1adas y fabricadas para <strong>mantener la calidad de tu producto final al m\u00e1s alto nivel,<\/strong> todo ello con un impacto cero y una sostenibilidad total.<br \/>\n<strong>Ampliamente personalizables,<\/strong> pueden adaptarse para el corte y la recolecci\u00f3n a medida.[\/vc_column_text][\/vc_column_inner][vc_column_inner column_width_percent=&#8221;100&#8243; gutter_size=&#8221;3&#8243; style=&#8221;dark&#8221; overlay_alpha=&#8221;50&#8243; shift_x=&#8221;0&#8243; shift_y=&#8221;0&#8243; shift_y_down=&#8221;0&#8243; z_index=&#8221;0&#8243; medium_width=&#8221;0&#8243; mobile_width=&#8221;0&#8243; css_animation=&#8221;bottom-t-top&#8221; animation_delay=&#8221;200&#8243; width=&#8221;1\/2&#8243; uncode_shortcode_id=&#8221;175030&#8243;][vc_icon position=&#8221;left&#8221; title_aligned_icon=&#8221;yes&#8221; icon=&#8221;fa fa-leaf&#8221; icon_color=&#8221;color-wayh&#8221; background_style=&#8221;fa-rounded&#8221; size=&#8221;fa-2x&#8221; text_size=&#8221;h4&#8243; title=&#8221;Impacto medioambiental cero&#8221; link=&#8221;|||&#8221; uncode_shortcode_id=&#8221;509110&#8243; icon_color_type=&#8221;uncode-palette&#8221;]Equipadas con un motor el\u00e9ctrico de \u00faltima generaci\u00f3n, no contaminan y respetan totalmente tus productos org\u00e1nicos.[\/vc_icon][vc_icon position=&#8221;left&#8221; title_aligned_icon=&#8221;yes&#8221; icon=&#8221;fa fa-headphones&#8221; icon_color=&#8221;color-rgdb&#8221; background_style=&#8221;fa-rounded&#8221; size=&#8221;fa-2x&#8221; text_size=&#8221;h4&#8243; title=&#8221;Cero ruido&#8221; link=&#8221;|||&#8221; uncode_shortcode_id=&#8221;175229&#8243; icon_color_type=&#8221;uncode-palette&#8221;]Silenciosas y con muy bajas emisiones de ruido permiten una recolecci\u00f3n tranquila.[\/vc_icon][vc_icon position=&#8221;left&#8221; title_aligned_icon=&#8221;yes&#8221; icon=&#8221;fa fa-battery2&#8243; icon_color=&#8221;color-rgdb&#8221; background_style=&#8221;fa-rounded&#8221; size=&#8221;fa-2x&#8221; text_size=&#8221;h4&#8243; title=&#8221;Bater\u00edas de larga duraci\u00f3n&#8221; link=&#8221;|||&#8221; uncode_shortcode_id=&#8221;177929&#8243; icon_color_type=&#8221;uncode-palette&#8221;]Bater\u00edas de \u00faltima generaci\u00f3n y tecnol\u00f3gicamente avanzadas que permiten la recolecci\u00f3n sin pausa.[\/vc_icon][vc_icon position=&#8221;left&#8221; title_aligned_icon=&#8221;yes&#8221; icon=&#8221;fa fa-refresh&#8221; icon_color=&#8221;color-rgdb&#8221; background_style=&#8221;fa-rounded&#8221; size=&#8221;fa-2x&#8221; text_size=&#8221;h4&#8243; title=&#8221;Recarga r\u00e1pida&#8221; link=&#8221;|||&#8221; uncode_shortcode_id=&#8221;153878&#8243; icon_color_type=&#8221;uncode-palette&#8221;]La carga r\u00e1pida permite estar siempre operativos en poco tiempo. La funci\u00f3n de carga tambi\u00e9n act\u00faa como mantenedor de carga.[\/vc_icon][vc_icon position=&#8221;left&#8221; title_aligned_icon=&#8221;yes&#8221; icon=&#8221;fa fa-eur&#8221; icon_color=&#8221;color-rgdb&#8221; background_style=&#8221;fa-rounded&#8221; size=&#8221;fa-2x&#8221; text_size=&#8221;h4&#8243; title=&#8221;Asequible&#8221; link=&#8221;|||&#8221; uncode_shortcode_id=&#8221;697746&#8243; icon_color_type=&#8221;uncode-palette&#8221;]La mejor relaci\u00f3n calidad\/precio del mercado. Y todo esto sin concesiones.[\/vc_icon][vc_button size=&#8221;btn-lg&#8221; radius=&#8221;btn-circle&#8221; wide=&#8221;yes&#8221; outline=&#8221;yes&#8221; border_width=&#8221;0&#8243; icon_position=&#8221;right&#8221; uncode_shortcode_id=&#8221;127418&#8243; link=&#8221;url:%23chiedi-informazioni|&#8221; icon=&#8221;fa fa-paper-plane&#8221;]\u00bfNo lo crees? \u00a1Cont\u00e1ctanos![\/vc_button][\/vc_column_inner][\/vc_row_inner][vc_empty_space empty_h=&#8221;2&#8243;][\/vc_column][\/vc_row][vc_row row_height_percent=&#8221;0&#8243; override_padding=&#8221;yes&#8221; h_padding=&#8221;2&#8243; top_padding=&#8221;4&#8243; bottom_padding=&#8221;5&#8243; overlay_alpha=&#8221;93&#8243; gutter_size=&#8221;3&#8243; column_width_percent=&#8221;100&#8243; shift_y=&#8221;0&#8243; z_index=&#8221;0&#8243; uncode_shortcode_id=&#8221;129643&#8243; row_name=&#8221;Gamma prodotti&#8221;][vc_column column_width_percent=&#8221;100&#8243; align_horizontal=&#8221;align_center&#8221; gutter_size=&#8221;3&#8243; overlay_alpha=&#8221;50&#8243; shift_x=&#8221;0&#8243; shift_y=&#8221;-5&#8243; shift_y_fixed=&#8221;yes&#8221; shift_y_down=&#8221;0&#8243; z_index=&#8221;0&#8243; medium_width=&#8221;0&#8243; mobile_width=&#8221;0&#8243; width=&#8221;1\/1&#8243; uncode_shortcode_id=&#8221;160853&#8243;][uncode_index el_id=&#8221;index-518221&#8243; loop=&#8221;size:10|order_by:ID|order:ASC|post_type:page|tax_query:179,183|taxonomy_count:10&#8243; filtering=&#8221;yes&#8221; filter_style=&#8221;dark&#8221; filter_back_color=&#8221;color-prif&#8221; filtering_position=&#8221;center&#8221; filtering_uppercase=&#8221;yes&#8221; filter_mobile_dropdown=&#8221;yes&#8221; gutter_size=&#8221;3&#8243; page_items=&#8221;title,media|featured|onpost|original,icon|md,text|excerpt,spacer|half,sep-one|full,link|circle|small_size|Descubre m\u00e1s &gt;,spacer_two|half&#8221; screen_lg=&#8221;1000&#8243; screen_md=&#8221;600&#8243; screen_sm=&#8221;480&#8243; images_size=&#8221;one-one&#8221; single_overlay_color=&#8221;color-482803&#8243; single_overlay_opacity=&#8221;50&#8243; single_text_anim_type=&#8221;btt&#8221; single_padding=&#8221;2&#8243; single_title_semantic=&#8221;h4&#8243; single_title_dimension=&#8221;h3&#8243; single_title_transform=&#8221;uppercase&#8221; single_shadow=&#8221;yes&#8221; shadow_darker=&#8221;yes&#8221; single_border=&#8221;yes&#8221; single_css_animation=&#8221;bottom-t-top&#8221; single_animation_delay=&#8221;200&#8243; no_double_tap=&#8221;yes&#8221; custom_cursor=&#8221;accent&#8221; uncode_shortcode_id=&#8221;291384&#8243; single_icon=&#8221;fa fa-arrow-right2&#8243; filter_mobile_dropdown_text=&#8221;Filtrar los productos&#8221; filter_back_color_type=&#8221;uncode-palette&#8221;][\/vc_column][\/vc_row][vc_row][vc_column width=&#8221;1\/1&#8243;][uncode_block id=&#8221;105306&#8243;][\/vc_column][\/vc_row][vc_row row_height_percent=&#8221;0&#8243; override_padding=&#8221;yes&#8221; h_padding=&#8221;2&#8243; top_padding=&#8221;4&#8243; bottom_padding=&#8221;0&#8243; back_color=&#8221;color-gyho&#8221; back_image=&#8221;103532&#8243; back_attachment=&#8221;fixed&#8221; overlay_alpha=&#8221;88&#8243; gutter_size=&#8221;3&#8243; column_width_percent=&#8221;100&#8243; shift_y=&#8221;0&#8243; z_index=&#8221;2&#8243; uncode_shortcode_id=&#8221;625685&#8243; back_color_type=&#8221;uncode-palette&#8221; back_size=&#8221;1500px&#8221;][vc_column column_width_percent=&#8221;100&#8243; position_vertical=&#8221;middle&#8221; align_horizontal=&#8221;align_center&#8221; gutter_size=&#8221;4&#8243; overlay_alpha=&#8221;50&#8243; shift_x=&#8221;0&#8243; shift_y=&#8221;0&#8243; shift_y_down=&#8221;-5&#8243; shift_y_down_fixed=&#8221;yes&#8221; z_index=&#8221;0&#8243; medium_width=&#8221;0&#8243; align_mobile=&#8221;align_center_mobile&#8221; mobile_width=&#8221;0&#8243; width=&#8221;1\/1&#8243; uncode_shortcode_id=&#8221;117245&#8243;][vc_row_inner][vc_column_inner column_width_percent=&#8221;100&#8243; align_horizontal=&#8221;align_center&#8221; gutter_size=&#8221;3&#8243; overlay_alpha=&#8221;50&#8243; shift_x=&#8221;0&#8243; shift_y=&#8221;0&#8243; shift_y_down=&#8221;0&#8243; z_index=&#8221;0&#8243; medium_width=&#8221;0&#8243; mobile_width=&#8221;0&#8243; width=&#8221;1\/1&#8243; uncode_shortcode_id=&#8221;169474&#8243;][vc_icon icon=&#8221;fa fa-youtube-play&#8221; icon_color=&#8221;color-482803&#8243; size=&#8221;fa-5x&#8221; css_animation=&#8221;zoom-in&#8221; uncode_shortcode_id=&#8221;714499&#8243; icon_color_type=&#8221;uncode-palette&#8221;][\/vc_icon][vc_custom_heading heading_semantic=&#8221;h3&#8243; text_size=&#8221;fontsize-148136&#8243; sub_lead=&#8221;yes&#8221; sub_reduced=&#8221;yes&#8221; css_animation=&#8221;bottom-t-top&#8221; uncode_shortcode_id=&#8221;357947&#8243;]M\u00e1s informaci\u00f3n sobre Cosechadoras el\u00e9ctricas DE PIETRI[\/vc_custom_heading][vc_column_text uncode_shortcode_id=&#8221;225782&#8243;]Mira las pruebas de campo, las rese\u00f1as y c\u00f3mo se construyen nuestras cosechadoras.<br \/>\n<a href=\"https:\/\/www.youtube.com\/channel\/UCHfnoETCzDc3aplvq9cU5bQ\" target=\"_blank\" rel=\"noopener\"><strong> Puedes ver todos los v\u00eddeos en nuestro canal de YouTube.<\/strong><\/a>[\/vc_column_text][\/vc_column_inner][\/vc_row_inner][vc_tabs][vc_tab icon=&#8221;fa fa-leaf3&#8243; icon_position=&#8221;right&#8221; gutter_size=&#8221;2&#8243; column_padding=&#8221;2&#8243; title=&#8221;En trabajo&#8221; tab_id=&#8221;1648635244393-2-10b575-1e9a&#8221;][vc_single_image media=&#8221;104238&#8243; media_width_percent=&#8221;100&#8243; media_ratio=&#8221;sixteen-nine&#8221; shape=&#8221;img-round&#8221; radius=&#8221;lg&#8221; shadow=&#8221;yes&#8221; shadow_weight=&#8221;sm&#8221; shadow_darker=&#8221;yes&#8221; advanced=&#8221;yes&#8221; media_items=&#8221;media|original,icon|xl&#8221; media_overlay_opacity=&#8221;15&#8243; media_overlay_visible=&#8221;yes&#8221; media_text_visible=&#8221;yes&#8221; media_image_anim=&#8221;no&#8221; media_h_align=&#8221;center&#8221; media_padding=&#8221;2&#8243; media_icon=&#8221;fa fa-play&#8221; uncode_shortcode_id=&#8221;194054&#8243;][\/vc_tab][vc_tab icon=&#8221;fa fa-search2&#8243; icon_position=&#8221;right&#8221; gutter_size=&#8221;2&#8243; column_padding=&#8221;2&#8243; title=&#8221;Rese\u00f1as&#8221; tab_id=&#8221;1648626893-2-681648634452605b575-1e9a&#8221;][vc_single_image media=&#8221;104237&#8243; media_width_percent=&#8221;100&#8243; media_ratio=&#8221;sixteen-nine&#8221; shape=&#8221;img-round&#8221; radius=&#8221;lg&#8221; shadow=&#8221;yes&#8221; shadow_weight=&#8221;sm&#8221; shadow_darker=&#8221;yes&#8221; advanced=&#8221;yes&#8221; media_items=&#8221;media|original,icon|xl&#8221; media_overlay_opacity=&#8221;15&#8243; media_overlay_visible=&#8221;yes&#8221; media_text_visible=&#8221;yes&#8221; media_image_anim=&#8221;no&#8221; media_h_align=&#8221;center&#8221; media_padding=&#8221;2&#8243; media_icon=&#8221;fa fa-play&#8221; uncode_shortcode_id=&#8221;651070&#8243;][\/vc_tab][vc_tab icon=&#8221;fa fa-tools-2&#8243; icon_position=&#8221;right&#8221; gutter_size=&#8221;2&#8243; column_padding=&#8221;2&#8243; title=&#8221;Como se construyen&#8221; tab_id=&#8221;1648626893-1-871648634452605b575-1e9a&#8221;][vc_single_image media=&#8221;104239&#8243; media_width_percent=&#8221;100&#8243; media_ratio=&#8221;sixteen-nine&#8221; shape=&#8221;img-round&#8221; radius=&#8221;lg&#8221; shadow=&#8221;yes&#8221; shadow_weight=&#8221;sm&#8221; shadow_darker=&#8221;yes&#8221; advanced=&#8221;yes&#8221; media_items=&#8221;media|poster,icon|xl&#8221; media_overlay_opacity=&#8221;15&#8243; media_overlay_visible=&#8221;yes&#8221; media_text_visible=&#8221;yes&#8221; media_image_anim=&#8221;no&#8221; media_h_align=&#8221;center&#8221; media_padding=&#8221;2&#8243; media_icon=&#8221;fa fa-play&#8221; uncode_shortcode_id=&#8221;210780&#8243;][\/vc_tab][\/vc_tabs][\/vc_column][\/vc_row][vc_row][vc_column width=&#8221;1\/1&#8243;][uncode_block id=&#8221;103088&#8243;][\/vc_column][\/vc_row][vc_row][vc_column width=&#8221;1\/1&#8243;][uncode_block id=&#8221;103127&#8243;][\/vc_column][\/vc_row]<\/p>\n<\/div>","protected":false},"excerpt":{"rendered":"<p>[vc_row unlock_row_content=&#8221;yes&#8221; row_height_percent=&#8221;0&#8243; override_padding=&#8221;yes&#8221; h_padding=&#8221;0&#8243; top_padding=&#8221;0&#8243; bottom_padding=&#8221;0&#8243; overlay_alpha=&#8221;50&#8243; equal_height=&#8221;yes&#8221; gutter_size=&#8221;0&#8243; column_width_percent=&#8221;100&#8243; shift_y=&#8221;0&#8243; z_index=&#8221;0&#8243; uncode_shortcode_id=&#8221;606078&#8243; row_height_pixel=&#8221;400&#8243;][vc_column column_width_percent=&#8221;100&#8243; gutter_size=&#8221;3&#8243; back_image=&#8221;104216&#8243; overlay_alpha=&#8221;50&#8243; shift_x=&#8221;0&#8243; [&hellip;]<\/p>\n","protected":false},"author":5,"featured_media":0,"parent":0,"menu_order":0,"comment_status":"closed","ping_status":"closed","template":"","meta":{"footnotes":""},"class_list":["post-108701","page","type-page","status-publish","hentry"],"_links":{"self":[{"href":"https:\/\/dpdepietri.it\/es\/wp-json\/wp\/v2\/pages\/108701","targetHints":{"allow":["GET"]}}],"collection":[{"href":"https:\/\/dpdepietri.it\/es\/wp-json\/wp\/v2\/pages"}],"about":[{"href":"https:\/\/dpdepietri.it\/es\/wp-json\/wp\/v2\/types\/page"}],"author":[{"embeddable":true,"href":"https:\/\/dpdepietri.it\/es\/wp-json\/wp\/v2\/users\/5"}],"replies":[{"embeddable":true,"href":"https:\/\/dpdepietri.it\/es\/wp-json\/wp\/v2\/comments?post=108701"}],"version-history":[{"count":0,"href":"https:\/\/dpdepietri.it\/es\/wp-json\/wp\/v2\/pages\/108701\/revisions"}],"wp:attachment":[{"href":"https:\/\/dpdepietri.it\/es\/wp-json\/wp\/v2\/media?parent=108701"}],"curies":[{"name":"wp","href":"https:\/\/api.w.org\/{rel}","templated":true}]}}